{"id":5571,"date":"2023-01-06T02:20:52","date_gmt":"2023-01-06T02:20:52","guid":{"rendered":"https:\/\/naturalprod.eu\/?post_type=product&#038;p=5571"},"modified":"2023-05-24T11:10:16","modified_gmt":"2023-05-24T11:10:16","slug":"q-10-firming-body-lotion-250ml","status":"publish","type":"product","link":"https:\/\/old.naturalprod.eu\/et\/product\/q-10-firming-body-lotion-250ml\/","title":{"rendered":"Donkey Milk Treasures Pharmaid Q10 kehakreem 250 ml"},"content":{"rendered":"<p>Koos 100% Kreeka kr\u00fcogeense osemelgiga *, koens\u00fc\u00fcm Q10, stabiliseeritud C-vitamiin, spirulina ja orgaaniline oliivi\u00f5li. Osepiim on iidsetest aegadest peetud ilu ja naha hoolduse eliksiiriks.<\/p>\n<p>Sisaldab valke ja aminohappeid, mis hoiavad niiskust nahas ja tugevdavad kollageeni ja elastiini toimet. Koos koens\u00fc\u00fcmiga Q10 ja C-vitamiiniga, kahe v\u00f5imsa antioks\u00fcdandiga, pinguldab see nahka ja parandab selle elastsust.<\/p>\n<p>Rikastatud orgaanilise spirulinaga merevetikatest, mis on rikas valkude, vitamiinide, asendamatute lipiidide, mikroelementide ja haruldaste pol\u00fcsahhariidide poolest, kaitseb see t\u00f5husalt nahka vabade radikaalide eest ja aitab parandada ebat\u00e4iuste v\u00e4limust.<\/p>\n<p>KASUTAMISJUHISED: Kandke igap\u00e4evaselt puhtale nahale hommikul v\u00f5i \u00f5htul \u00f5rnade masseerivate liigutustega kuni t\u00e4ieliku imendumiseni.<\/p>\n<p>Sarja Donkey Milk Treasures toodang sisaldab 100 %-list kr\u00fcogeense t\u00f6\u00f6tluse teel saadud kreeka eeslipiima (spetsiaalne t\u00f6\u00f6tlus piima unikaalsete n\u00e4itajate ja omaduste s\u00e4ilitamiseks).<\/p>","protected":false},"excerpt":{"rendered":"<p>Donkey Milk Lotion Q10 pinguldav kreem kehale, reitele, marjadele, k\u00e4tele ja elule. Igat t\u00fc\u00fcpi naha jaoks.<\/p>","protected":false},"featured_media":5572,"comment_status":"open","ping_status":"closed","template":"","meta":{"site-sidebar-layout":"default","site-content-layout":"default","ast-main-header-display":"","ast-hfb-above-header-display":"","ast-hfb-below-header-display":"","ast-hfb-mobile-header-display":"","site-post-title":"","ast-breadcrumbs-content":"","ast-featured-img":"","footer-sml-layout":"","theme-transparent-header-meta":"default","adv-header-id-meta":"","stick-header-meta":"","header-above-stick-meta":"","header-main-stick-meta":"","header-below-stick-meta":""},"pwb-brand":[72],"product_cat":[57,38],"product_tag":[],"class_list":["post-5571","product","type-product","status-publish","has-post-thumbnail","hentry","pwb-brand-donkey-milk-treasures","product_cat-57","product_cat-uhodzatelom"],"brands":[{"id":72,"name":"Donkey Milk Treasures","slug":"donkey-milk-treasures"}],"_links":{"self":[{"href":"https:\/\/old.naturalprod.eu\/et\/wp-json\/wp\/v2\/product\/5571","targetHints":{"allow":["GET"]}}],"collection":[{"href":"https:\/\/old.naturalprod.eu\/et\/wp-json\/wp\/v2\/product"}],"about":[{"href":"https:\/\/old.naturalprod.eu\/et\/wp-json\/wp\/v2\/types\/product"}],"replies":[{"embeddable":true,"href":"https:\/\/old.naturalprod.eu\/et\/wp-json\/wp\/v2\/comments?post=5571"}],"wp:featuredmedia":[{"embeddable":true,"href":"https:\/\/old.naturalprod.eu\/et\/wp-json\/wp\/v2\/media\/5572"}],"wp:attachment":[{"href":"https:\/\/old.naturalprod.eu\/et\/wp-json\/wp\/v2\/media?parent=5571"}],"wp:term":[{"taxonomy":"pwb-brand","embeddable":true,"href":"https:\/\/old.naturalprod.eu\/et\/wp-json\/wp\/v2\/pwb-brand?post=5571"},{"taxonomy":"product_cat","embeddable":true,"href":"https:\/\/old.naturalprod.eu\/et\/wp-json\/wp\/v2\/product_cat?post=5571"},{"taxonomy":"product_tag","embeddable":true,"href":"https:\/\/old.naturalprod.eu\/et\/wp-json\/wp\/v2\/product_tag?post=5571"}],"curies":[{"name":"wp","href":"https:\/\/api.w.org\/{rel}","templated":true}]}}