{"id":4372,"date":"2022-03-24T22:27:54","date_gmt":"2022-03-24T22:27:54","guid":{"rendered":"http:\/\/naturalprod.eu\/product\/keiras-smootning-oil-%d0%bc%d0%b0%d1%81%d0%bb%d0%be-%d0%b4%d0%bb%d1%8f-%d0%bf%d1%83%d1%88%d0%b8%d1%81%d1%82%d1%8b%d1%85-%d0%b8-%d0%bd%d0%b5%d0%bf%d0%be%d1%81%d0%bb%d1%83%d1%88%d0%bd%d1%8b%d1%85\/"},"modified":"2022-07-16T15:57:56","modified_gmt":"2022-07-16T15:57:56","slug":"keiras-smootning-oil-2793","status":"publish","type":"product","link":"https:\/\/old.naturalprod.eu\/et\/product\/keiras-smootning-oil-2793\/","title":{"rendered":"Keiras Smootning Oil, \u00d5li K\u00e4haratele juustele, 100ml"},"content":{"rendered":"<p class=\"Standard\">Linaseemne\u00f5li, makadaamia\u00f5li, jojoba\u00f5li annavad s\u00fcnergilist toimet. Toidab juukseid, taltsutab juukseid, ei tee juukseid rasuseks. Juuksed muuruvad elstseks, pehmeks ja s\u00e4ravaks. Dermatoloogiliselt testitud.<\/p>\n<p class=\"Standard\">100ml<\/p>\n<p class=\"Standard translation-block\">Kasutamine: kandke peopesale mitu tilka vahendit ja \u00fchtlaselt kandke eelnevalt pestud r\u00e4tikukuivadele juustele. \u00c4rge loputage. Soovi korral v\u00f5ib juukseid f\u00f6\u00f6niga \u00e4ra kuivatada. Juuste s\u00e4ra saavutamiseks kandke \u00f5li ka kuivatatud juustele. Samuti v\u00f5ib kasutaga kaitsevahendina enne viimistlust ja juuste sirgendamist.<\/p>\n<p class=\"Standard\"><strong>Koostis: <\/strong>linaseemne\u00f5li, makadaamia\u00f5li, jojoba\u00f5li.<\/p>","protected":false},"excerpt":{"rendered":"<p>Keiras Smootning Oil, \u00d5li K\u00e4haratele juustele, 100ml<\/p>","protected":false},"featured_media":4419,"comment_status":"closed","ping_status":"closed","template":"","meta":{"site-sidebar-layout":"default","site-content-layout":"default","ast-main-header-display":"","ast-hfb-above-header-display":"","ast-hfb-below-header-display":"","ast-hfb-mobile-header-display":"","site-post-title":"","ast-breadcrumbs-content":"","ast-featured-img":"","footer-sml-layout":"","theme-transparent-header-meta":"default","adv-header-id-meta":"","stick-header-meta":"","header-above-stick-meta":"","header-main-stick-meta":"","header-below-stick-meta":""},"pwb-brand":[74],"product_cat":[51,37],"product_tag":[],"class_list":["post-4372","product","type-product","status-publish","has-post-thumbnail","hentry","pwb-brand-keiras","product_cat-51","product_cat-uhodzavolosami"],"brands":[{"id":74,"name":"Dikson Keiras","slug":"keiras"}],"_links":{"self":[{"href":"https:\/\/old.naturalprod.eu\/et\/wp-json\/wp\/v2\/product\/4372","targetHints":{"allow":["GET"]}}],"collection":[{"href":"https:\/\/old.naturalprod.eu\/et\/wp-json\/wp\/v2\/product"}],"about":[{"href":"https:\/\/old.naturalprod.eu\/et\/wp-json\/wp\/v2\/types\/product"}],"replies":[{"embeddable":true,"href":"https:\/\/old.naturalprod.eu\/et\/wp-json\/wp\/v2\/comments?post=4372"}],"wp:featuredmedia":[{"embeddable":true,"href":"https:\/\/old.naturalprod.eu\/et\/wp-json\/wp\/v2\/media\/4419"}],"wp:attachment":[{"href":"https:\/\/old.naturalprod.eu\/et\/wp-json\/wp\/v2\/media?parent=4372"}],"wp:term":[{"taxonomy":"pwb-brand","embeddable":true,"href":"https:\/\/old.naturalprod.eu\/et\/wp-json\/wp\/v2\/pwb-brand?post=4372"},{"taxonomy":"product_cat","embeddable":true,"href":"https:\/\/old.naturalprod.eu\/et\/wp-json\/wp\/v2\/product_cat?post=4372"},{"taxonomy":"product_tag","embeddable":true,"href":"https:\/\/old.naturalprod.eu\/et\/wp-json\/wp\/v2\/product_tag?post=4372"}],"curies":[{"name":"wp","href":"https:\/\/api.w.org\/{rel}","templated":true}]}}