{"id":4354,"date":"2022-03-24T22:27:43","date_gmt":"2022-03-24T22:27:43","guid":{"rendered":"http:\/\/naturalprod.eu\/product\/keiras-nourishing-serum%d1%81%d1%8b%d0%b2%d0%be%d1%80%d0%be%d1%82%d0%ba%d0%b0-%d0%b4%d0%bb%d1%8f-%d1%81%d1%83%d1%85%d0%b8%d1%85-%d0%b8-%d0%be%d1%81%d0%bb%d0%b0%d0%b1%d0%bb%d0%b5%d0%bd%d0%bd%d1%8b\/"},"modified":"2022-07-16T15:53:29","modified_gmt":"2022-07-16T15:53:29","slug":"keiras-nourishing-serum-2797","status":"publish","type":"product","link":"https:\/\/old.naturalprod.eu\/et\/product\/keiras-nourishing-serum-2797\/","title":{"rendered":"Keiras Nourishing Serum,Toitev Seerum ideaalselt sobivad kuivade ja n\u00f5rgenenud juuste hoolduseks, 100ml"},"content":{"rendered":"<p class=\"Standard\">Seerumis sisalduvad babassu\u00f5li ja argaania\u00f5li ideaalselt sobivad kuivade ja n\u00f5rgenenud juuste hoolduseks. Taastab juuste struktuuri ja annab eluj\u00f5udu. Juuksed muutuvad pehmeks, siidiseks ja niisutatuks. Dermatoloogiliselt testitud.<\/p>\n<p class=\"Standard\"><strong>Kasutamine:<\/strong>\u00a0peske juukseid toitva \u0161ampooniga ja seej\u00e4rel kasutage maski. \u00d5rnalt eemaldage r\u00e4tikuga \u00fcleliigne vesi ja tehke 3-6 pihustit s\u00f5ltuvalt juuste pikkusest. Soovi korral v\u00f5ib seej\u00e4rel juukseid kuivatada f\u00f6\u00f6niga. Juuste s\u00e4ra saavutamiseks seerumi v\u00f5ib ka panna kuivatatud juustele.<\/p>\n<p class=\"Standard\"><strong>\u0421\u043e\u0441\u0442\u0430\u0432<\/strong><strong>: <\/strong>babassu\u00f5li, argaania\u00f5li, viinamarjaseemne\u00f5li.<\/p>","protected":false},"excerpt":{"rendered":"<div class=\"wrapper product-description-wrap\">\n<p>Keiras Nourishing Serum,Toitev Seerum ideaalselt sobivad kuivade ja n\u00f5rgenenud juuste hoolduseks, 100ml<\/p>\n<\/div>\n<div class=\"price-box\"><\/div>","protected":false},"featured_media":4441,"comment_status":"closed","ping_status":"closed","template":"","meta":{"site-sidebar-layout":"default","site-content-layout":"default","ast-main-header-display":"","ast-hfb-above-header-display":"","ast-hfb-below-header-display":"","ast-hfb-mobile-header-display":"","site-post-title":"","ast-breadcrumbs-content":"","ast-featured-img":"","footer-sml-layout":"","theme-transparent-header-meta":"default","adv-header-id-meta":"","stick-header-meta":"","header-above-stick-meta":"","header-main-stick-meta":"","header-below-stick-meta":""},"pwb-brand":[74],"product_cat":[54,51,37,52],"product_tag":[],"class_list":["post-4354","product","type-product","status-publish","has-post-thumbnail","hentry","pwb-brand-keiras","product_cat--uhodzavolosami","product_cat-51","product_cat-uhodzavolosami","product_cat-52"],"brands":[{"id":74,"name":"Dikson Keiras","slug":"keiras"}],"_links":{"self":[{"href":"https:\/\/old.naturalprod.eu\/et\/wp-json\/wp\/v2\/product\/4354","targetHints":{"allow":["GET"]}}],"collection":[{"href":"https:\/\/old.naturalprod.eu\/et\/wp-json\/wp\/v2\/product"}],"about":[{"href":"https:\/\/old.naturalprod.eu\/et\/wp-json\/wp\/v2\/types\/product"}],"replies":[{"embeddable":true,"href":"https:\/\/old.naturalprod.eu\/et\/wp-json\/wp\/v2\/comments?post=4354"}],"wp:featuredmedia":[{"embeddable":true,"href":"https:\/\/old.naturalprod.eu\/et\/wp-json\/wp\/v2\/media\/4441"}],"wp:attachment":[{"href":"https:\/\/old.naturalprod.eu\/et\/wp-json\/wp\/v2\/media?parent=4354"}],"wp:term":[{"taxonomy":"pwb-brand","embeddable":true,"href":"https:\/\/old.naturalprod.eu\/et\/wp-json\/wp\/v2\/pwb-brand?post=4354"},{"taxonomy":"product_cat","embeddable":true,"href":"https:\/\/old.naturalprod.eu\/et\/wp-json\/wp\/v2\/product_cat?post=4354"},{"taxonomy":"product_tag","embeddable":true,"href":"https:\/\/old.naturalprod.eu\/et\/wp-json\/wp\/v2\/product_tag?post=4354"}],"curies":[{"name":"wp","href":"https:\/\/api.w.org\/{rel}","templated":true}]}}