{"id":4261,"date":"2022-03-24T19:30:55","date_gmt":"2022-03-24T19:30:55","guid":{"rendered":"http:\/\/naturalprod.eu\/product\/body-butter-aloetea-tree-oil-%d1%83%d0%b2%d0%bb%d0%b0%d0%b6%d0%bd%d1%8f%d1%8e%d1%89%d0%b5%d0%b5-%d0%ba%d1%80%d0%b5%d0%bc-%d0%bc%d0%b0%d1%81%d0%bb%d0%be-%d0%b4%d0%bb%d1%8f-%d1%82%d0%b5%d0%bb%d0%b0\/"},"modified":"2023-07-14T05:16:07","modified_gmt":"2023-07-14T05:16:07","slug":"body-butter-aloe-tea-tree-oil-6710221","status":"publish","type":"product","link":"https:\/\/old.naturalprod.eu\/et\/product\/body-butter-aloe-tea-tree-oil-6710221\/","title":{"rendered":"Aloe Treasures Body Butter Aloe+Tea Tree Oil Kreeka kehav\u00f5ie Aaloe ja Teepuu \u00f5liga, 200 ml"},"content":{"rendered":"<p class=\" translation-block\">Kreeka oliivi kehav\u00f5ie k\u00f5rge efektiivsus on tingitud A, E-vitamiinide, pantenooli, shi \u00f5li, pehmendavate ja vananemisvastaste koostisainete sisaldusest, mis tagastavad nahale elastsuse ja pingulduse, v\u00e4rskendavad ja toniseerivad nahapinda, annavad sellele terve ilme ja pehmuse.<\/p>\n<p>Kaitseb nahka, osutab niisutavat ja pehmendavat toimet.<\/p>\n<p>Osutab v\u00f5imsat niisutavat efekti, soodustab v\u00e4iksemate nahal olevate kriimustuste ja l\u00f5hede paranemist, k\u00fcllastab nahka kasulike ainetega.<\/p>\n<p>Kreemi kompaktne struktuur on t\u00f6\u00f6tatud v\u00e4lja ettev\u00f5te Pharmaid ekspertide poolt selleks, et aktiivsed kasulikud ained ja koostisosad tungiksid naha s\u00fcgavatesse kihtidesse. Kehav\u00f5ie regulaarne kasutamine pehmendab nahka, ennetab vanuseliseid muutuseid, soodustab aktiivset looduslikku rakkude taastamist ja regenereerimist. \n\nMugav lai lame purk v\u00f5imaldab seda lihtsalt k\u00e4tte saada ning saate seda kasutada viimase tilgani. S\u00e4\u00e4stlik kulu. Sobib ideaalselt kasutamiseks k\u00fclmal aastaajal. Oliivi kehav\u00f5ie absorbeerub kiiresti. Kookose meeleline aroom teeb kehav\u00f5ie igakordse kasutuse lausa pidup\u00e4evaks.<\/p>\n<p><strong>Aktiivkomponendid:\n\nOrgaaniline oliivi\u00f5li ja oliivilehed - looduslik intensiivne niisutus, takistab naha ja kutiikula kuivust, pehmendab neid ja tagastab k\u00fc\u00fcntele nende s\u00e4ra.<\/strong><\/p>\n<p class=\" translation-block\">Aaloe vera on imep\u00e4rane nooruse eliksiir kogu organismile. Osutab v\u00f5imsat niisutavat efekti, soodustab v\u00e4iksemate nahal olevate kriimustuste ja l\u00f5hede paranemist, k\u00fcllastab nahka kasulike ainetega.<\/p>\n<p class=\" translation-block\">Karite (shi) \u00f5li kaitseb nahka, osutab niisutavat ja pehmendavat toimet.<\/p>\n<p class=\" translation-block\">Pantenool soodustab v\u00e4iksemate nahal olevate kriimustuste ja l\u00f5hede paranemist, maandab \u00e4rritust.<\/p>\n<p>Aloe Treasures sarja kompaktne kehav\u00f5ie tagab kompleksse, 3-tasemelise kehahoolduse. Esmaj\u00e4rjekorras on selleks niisutus.<\/p>\n<p class=\" translation-block\">Naturaalne oliiv\u00f5li ja aaloe vera, mis moodustavad kreeka kreem-\u00f5li baasi, tagavad rakkude s\u00fcgava niisutuse, taastavad vee tasakaalu, toidavad nahka hapnikuga.<\/p>\n<p><strong>Kasutamine: \u00a0<\/strong><\/p>\n<p>Peale du\u0161\u0161i kandke v\u00e4iksem kogus kompaktset kreem\u00f5li kuivale v\u00f5i niiskele nahale, jaotage massaa\u017eiliigutustega tervele kehale selle t\u00e4ieliku imendumiseni. Sobib igap\u00e4evaseks kasutamiseks, seda eriti s\u00fcgis-talvisel perioodil, soovitatakse kanda peale sama sarja du\u0161igeeli j\u00e4rgselt.<\/p>","protected":false},"excerpt":{"rendered":"<p>Kreeka kehav\u00f5ie aaloe ja teepuu \u00f5liga, 200ml<\/p>","protected":false},"featured_media":4289,"comment_status":"closed","ping_status":"closed","template":"","meta":{"site-sidebar-layout":"default","site-content-layout":"default","ast-main-header-display":"","ast-hfb-above-header-display":"","ast-hfb-below-header-display":"","ast-hfb-mobile-header-display":"","site-post-title":"","ast-breadcrumbs-content":"","ast-featured-img":"","footer-sml-layout":"","theme-transparent-header-meta":"default","adv-header-id-meta":"","stick-header-meta":"","header-above-stick-meta":"","header-main-stick-meta":"","header-below-stick-meta":""},"pwb-brand":[68],"product_cat":[57,56,38],"product_tag":[],"class_list":["post-4261","product","type-product","status-publish","has-post-thumbnail","hentry","pwb-brand-aloe-treasures","product_cat-57","product_cat-56","product_cat-uhodzatelom"],"brands":[{"id":68,"name":"Aloe Treasures","slug":"aloe-treasures"}],"_links":{"self":[{"href":"https:\/\/old.naturalprod.eu\/et\/wp-json\/wp\/v2\/product\/4261","targetHints":{"allow":["GET"]}}],"collection":[{"href":"https:\/\/old.naturalprod.eu\/et\/wp-json\/wp\/v2\/product"}],"about":[{"href":"https:\/\/old.naturalprod.eu\/et\/wp-json\/wp\/v2\/types\/product"}],"replies":[{"embeddable":true,"href":"https:\/\/old.naturalprod.eu\/et\/wp-json\/wp\/v2\/comments?post=4261"}],"wp:featuredmedia":[{"embeddable":true,"href":"https:\/\/old.naturalprod.eu\/et\/wp-json\/wp\/v2\/media\/4289"}],"wp:attachment":[{"href":"https:\/\/old.naturalprod.eu\/et\/wp-json\/wp\/v2\/media?parent=4261"}],"wp:term":[{"taxonomy":"pwb-brand","embeddable":true,"href":"https:\/\/old.naturalprod.eu\/et\/wp-json\/wp\/v2\/pwb-brand?post=4261"},{"taxonomy":"product_cat","embeddable":true,"href":"https:\/\/old.naturalprod.eu\/et\/wp-json\/wp\/v2\/product_cat?post=4261"},{"taxonomy":"product_tag","embeddable":true,"href":"https:\/\/old.naturalprod.eu\/et\/wp-json\/wp\/v2\/product_tag?post=4261"}],"curies":[{"name":"wp","href":"https:\/\/api.w.org\/{rel}","templated":true}]}}