{"id":4035,"date":"2022-03-24T03:07:32","date_gmt":"2022-03-24T03:07:32","guid":{"rendered":""},"modified":"2022-07-16T15:35:38","modified_gmt":"2022-07-16T15:35:38","slug":"everygreen-shampoo-anti-loss-hair-3634","status":"publish","type":"product","link":"https:\/\/old.naturalprod.eu\/et\/product\/everygreen-shampoo-anti-loss-hair-3634\/","title":{"rendered":"EveryGreen Hair Loss Control Shampoo \u0161ampoon juuste v\u00e4ljalangemise vastu, 500ml"},"content":{"rendered":"<p>V\u00e4ljalangemisvastane shampoon sobib suurep\u00e4raselt \u00f5hukestele ja eluj\u00f5u kaotanud juustele.\nParandab peanaha verevarustust ja rakkude metabolismi.<\/p>\n<p class=\"description translation-block\" role=\"tabpanel\">Bioloogiline jojoba \u00f5li kaitseb ja\nniisutab juuksekiudu.<\/p>\n<p class=\" translation-block\">Energiakompleks mis koosneb zensenni-kofeiini-valge hundioa\nekstraktist annab juustele eluj\u00f5udu.<\/p>\n<p class=\" translation-block\">Ehhinatsea ekstrakti kasutatakse sageli juustevahendites oma kuulsate\nantiseptiliste, p\u00f5letikuvastaste ja pehmendavate omaduste poolest, kuna t\u00f5stab immuunsust,\nseda eriti \u00e4rrituvuse korral. Selles valemis v\u00e4ljenduvad koos pehmendavate omadustega\nselle taastavad omadused ja v\u00f5ime anda juustele elastsust.<\/p>\n<p class=\"description\" role=\"tabpanel\"><strong>Kasutamine:\u00a0<\/strong>Kanna shampooni m\u00e4rgadele juustele, masseeri \u00f5rnalt ning loputa. Silma\nsattumisel loputa rohke veega. Peale pesu soovitav kasutada Damaged Hair Conditioner -\nTaastava Palsami ja Damaged Hair Mask \u2013 Taastava Maski.<\/p>","protected":false},"excerpt":{"rendered":"<div class=\"wrapper product-description-wrap\">\n<p>Sampoon juuste v\u00e4ljalangemise vastu<\/p>\n<\/div>\n<div class=\"price-box\"><\/div>","protected":false},"featured_media":4111,"comment_status":"closed","ping_status":"closed","template":"","meta":{"site-sidebar-layout":"default","site-content-layout":"default","ast-main-header-display":"","ast-hfb-above-header-display":"","ast-hfb-below-header-display":"","ast-hfb-mobile-header-display":"","site-post-title":"","ast-breadcrumbs-content":"","ast-featured-img":"","footer-sml-layout":"","theme-transparent-header-meta":"default","adv-header-id-meta":"","stick-header-meta":"","header-above-stick-meta":"","header-main-stick-meta":"","header-below-stick-meta":""},"pwb-brand":[73],"product_cat":[37,52],"product_tag":[],"class_list":["post-4035","product","type-product","status-publish","has-post-thumbnail","hentry","pwb-brand-dikson-everygreen","product_cat-uhodzavolosami","product_cat-52"],"brands":[{"id":73,"name":"Dikson EveryGreen","slug":"dikson-everygreen"}],"_links":{"self":[{"href":"https:\/\/old.naturalprod.eu\/et\/wp-json\/wp\/v2\/product\/4035","targetHints":{"allow":["GET"]}}],"collection":[{"href":"https:\/\/old.naturalprod.eu\/et\/wp-json\/wp\/v2\/product"}],"about":[{"href":"https:\/\/old.naturalprod.eu\/et\/wp-json\/wp\/v2\/types\/product"}],"replies":[{"embeddable":true,"href":"https:\/\/old.naturalprod.eu\/et\/wp-json\/wp\/v2\/comments?post=4035"}],"wp:featuredmedia":[{"embeddable":true,"href":"https:\/\/old.naturalprod.eu\/et\/wp-json\/wp\/v2\/media\/4111"}],"wp:attachment":[{"href":"https:\/\/old.naturalprod.eu\/et\/wp-json\/wp\/v2\/media?parent=4035"}],"wp:term":[{"taxonomy":"pwb-brand","embeddable":true,"href":"https:\/\/old.naturalprod.eu\/et\/wp-json\/wp\/v2\/pwb-brand?post=4035"},{"taxonomy":"product_cat","embeddable":true,"href":"https:\/\/old.naturalprod.eu\/et\/wp-json\/wp\/v2\/product_cat?post=4035"},{"taxonomy":"product_tag","embeddable":true,"href":"https:\/\/old.naturalprod.eu\/et\/wp-json\/wp\/v2\/product_tag?post=4035"}],"curies":[{"name":"wp","href":"https:\/\/api.w.org\/{rel}","templated":true}]}}