{"id":4025,"date":"2022-03-24T03:07:26","date_gmt":"2022-03-24T03:07:26","guid":{"rendered":"http:\/\/naturalprod.eu\/product\/everygreen-damaged-hair-conditioner-%d0%ba%d0%be%d0%bd%d0%b4%d0%b8%d1%86%d0%b8%d0%be%d0%bd%d0%b5%d1%80-%d0%b4%d0%bb%d1%8f-%d0%bf%d0%be%d0%b2%d1%80%d0%b5%d0%b6%d0%b4%d0%b5%d0%bd%d0%bd%d1%8b%d1%85\/"},"modified":"2022-07-16T15:14:20","modified_gmt":"2022-07-16T15:14:20","slug":"everygreen-damaged-hair-conditioner-3623","status":"publish","type":"product","link":"https:\/\/old.naturalprod.eu\/et\/product\/everygreen-damaged-hair-conditioner-3623\/","title":{"rendered":"EveryGreen Regenerating Conditioner for damaged hair Taastav Palsam kahjustatud juustele, 500ml"},"content":{"rendered":"<p>Sobib kahjustatud juustele.Toidab ja taastab juukseid intensiivselt. Kaitseb neid kahjulike\nkeskkonnam\u00f5jude eest. Annab neile eluj\u00f5udu.<\/p>\n<p>Bioloogiline oliivi\u00f5li on efektiivne\nantioks\u00fcdant, mis aitab kaitsta peanahka ja - kiudu t\u00e4nu A ja E-vitamiini k\u00f5rgendatud\nsisaldusele lisaks olemasolevatele k\u00fcllastatud ja k\u00fcllastumata rasvhapetele, mis on vajalikud\npehmuse ja kuulekuse andmiseks isegi k\u00f5ige keerulisematele juustele. V\u00f5ib kasutada igat\nt\u00fc\u00fcpi juuste korral, kuna t\u00e4idab k\u00f5ige erinevamaid funktsioone. Kasulik pehmuse, kohevuse,\ns\u00e4ra t\u00f5stmiseks ja aitab taastada igap\u00e4evaseid vigastusi p\u00e4ikse, sudu, samuti f\u00f6\u00f6ni ja kammi\nm\u00f5just. Kreatiin on juuste \u00fcheks p\u00f5hikomponendiks, millede tervikkus v\u00f5ib olla h\u00e4iritud nii\nv\u00e4lis- kui sisefaktorite m\u00f5just.<\/p>\n<p><strong>Kasutamine: <\/strong>Kanna sobiv kogus pestud juustele, lase m\u00f5juda ning loputa seej\u00e4rel hoolikalt.\nParema tulemuse saavutamiseks kasutada koos Damaged Hair Shampoo \u2013 Taastava\nShampooniga.<\/p>","protected":false},"excerpt":{"rendered":"<div class=\"wrapper product-description-wrap\">\n<p>Taastav Palsam kahjustatud juustele<\/p>\n<\/div>\n<div class=\"price-box\"><\/div>","protected":false},"featured_media":4096,"comment_status":"closed","ping_status":"closed","template":"","meta":{"site-sidebar-layout":"default","site-content-layout":"default","ast-main-header-display":"","ast-hfb-above-header-display":"","ast-hfb-below-header-display":"","ast-hfb-mobile-header-display":"","site-post-title":"","ast-breadcrumbs-content":"","ast-featured-img":"","footer-sml-layout":"","theme-transparent-header-meta":"default","adv-header-id-meta":"","stick-header-meta":"","header-above-stick-meta":"","header-main-stick-meta":"","header-below-stick-meta":""},"pwb-brand":[73],"product_cat":[53,37],"product_tag":[],"class_list":["post-4025","product","type-product","status-publish","has-post-thumbnail","hentry","pwb-brand-dikson-everygreen","product_cat-53","product_cat-uhodzavolosami"],"brands":[{"id":73,"name":"Dikson EveryGreen","slug":"dikson-everygreen"}],"_links":{"self":[{"href":"https:\/\/old.naturalprod.eu\/et\/wp-json\/wp\/v2\/product\/4025","targetHints":{"allow":["GET"]}}],"collection":[{"href":"https:\/\/old.naturalprod.eu\/et\/wp-json\/wp\/v2\/product"}],"about":[{"href":"https:\/\/old.naturalprod.eu\/et\/wp-json\/wp\/v2\/types\/product"}],"replies":[{"embeddable":true,"href":"https:\/\/old.naturalprod.eu\/et\/wp-json\/wp\/v2\/comments?post=4025"}],"wp:featuredmedia":[{"embeddable":true,"href":"https:\/\/old.naturalprod.eu\/et\/wp-json\/wp\/v2\/media\/4096"}],"wp:attachment":[{"href":"https:\/\/old.naturalprod.eu\/et\/wp-json\/wp\/v2\/media?parent=4025"}],"wp:term":[{"taxonomy":"pwb-brand","embeddable":true,"href":"https:\/\/old.naturalprod.eu\/et\/wp-json\/wp\/v2\/pwb-brand?post=4025"},{"taxonomy":"product_cat","embeddable":true,"href":"https:\/\/old.naturalprod.eu\/et\/wp-json\/wp\/v2\/product_cat?post=4025"},{"taxonomy":"product_tag","embeddable":true,"href":"https:\/\/old.naturalprod.eu\/et\/wp-json\/wp\/v2\/product_tag?post=4025"}],"curies":[{"name":"wp","href":"https:\/\/api.w.org\/{rel}","templated":true}]}}