{"id":3491,"date":"2022-03-13T00:58:36","date_gmt":"2022-03-13T00:58:36","guid":{"rendered":"http:\/\/naturalprod.eu\/?post_type=product&#038;p=3491"},"modified":"2022-07-16T15:41:35","modified_gmt":"2022-07-16T15:41:35","slug":"keiras-color-protection-conditioner-2786","status":"publish","type":"product","link":"https:\/\/old.naturalprod.eu\/et\/product\/keiras-color-protection-conditioner-2786\/","title":{"rendered":"Keiras Color Protection Conditioner, Palsam v\u00e4rvitud juustele, 250ml"},"content":{"rendered":"<p class=\"Standard\">Sobib v\u00e4rvitud ja kahjustatud juustele. Palsam on rikastatud p\u00e4evalille\u00f5liga, keratiiniga ja argaania\u00f5liga.  Aitab hoida v\u00e4rvi kauem intensiivsena. Algiini h\u00fcdrolisaat ja cassia alata leheekstrakt kaitsevad juukseid keskkonna kahjuliku m\u00f5ju eest, regenereerivad juukseid ja aeglustavad juuste vananemise degeneratiivseid protsesse. Sisaldab UV-filtrit, dermatoloogiliselt testitud.<\/p>\n<p class=\"Standard\"><strong>Kasutamine:<\/strong>\u00a0eemaldage \u00fcleliigne vesi ja \u00fchtlaselt kandke juustele, masseerige \u00f5rnalt, j\u00e4tke 3 minutiks ja hoolikalt loputage.<\/p>\n<p class=\"Standard translation-block\">Koostis: algiini h\u00fcdrolisaat, cassia alata leheekstrakt, E vitamiin, keratiin, arginiin, argaania\u00f5li, p\u00e4evalille\u00f5li, UV-filtrid.<\/p>","protected":false},"excerpt":{"rendered":"<div class=\"wrapper product-description-wrap\">\n<p>Palsam v\u00e4rvitud juustele, 250ml<\/p>\n<\/div>\n<div class=\"price-box\"><\/div>","protected":false},"featured_media":3492,"comment_status":"open","ping_status":"closed","template":"","meta":{"site-sidebar-layout":"default","site-content-layout":"default","ast-main-header-display":"","ast-hfb-above-header-display":"","ast-hfb-below-header-display":"","ast-hfb-mobile-header-display":"","site-post-title":"","ast-breadcrumbs-content":"","ast-featured-img":"","footer-sml-layout":"","theme-transparent-header-meta":"default","adv-header-id-meta":"","stick-header-meta":"","header-above-stick-meta":"","header-main-stick-meta":"","header-below-stick-meta":""},"pwb-brand":[74],"product_cat":[53,37],"product_tag":[],"class_list":["post-3491","product","type-product","status-publish","has-post-thumbnail","hentry","pwb-brand-keiras","product_cat-53","product_cat-uhodzavolosami"],"brands":[{"id":74,"name":"Dikson Keiras","slug":"keiras"}],"_links":{"self":[{"href":"https:\/\/old.naturalprod.eu\/et\/wp-json\/wp\/v2\/product\/3491","targetHints":{"allow":["GET"]}}],"collection":[{"href":"https:\/\/old.naturalprod.eu\/et\/wp-json\/wp\/v2\/product"}],"about":[{"href":"https:\/\/old.naturalprod.eu\/et\/wp-json\/wp\/v2\/types\/product"}],"replies":[{"embeddable":true,"href":"https:\/\/old.naturalprod.eu\/et\/wp-json\/wp\/v2\/comments?post=3491"}],"wp:featuredmedia":[{"embeddable":true,"href":"https:\/\/old.naturalprod.eu\/et\/wp-json\/wp\/v2\/media\/3492"}],"wp:attachment":[{"href":"https:\/\/old.naturalprod.eu\/et\/wp-json\/wp\/v2\/media?parent=3491"}],"wp:term":[{"taxonomy":"pwb-brand","embeddable":true,"href":"https:\/\/old.naturalprod.eu\/et\/wp-json\/wp\/v2\/pwb-brand?post=3491"},{"taxonomy":"product_cat","embeddable":true,"href":"https:\/\/old.naturalprod.eu\/et\/wp-json\/wp\/v2\/product_cat?post=3491"},{"taxonomy":"product_tag","embeddable":true,"href":"https:\/\/old.naturalprod.eu\/et\/wp-json\/wp\/v2\/product_tag?post=3491"}],"curies":[{"name":"wp","href":"https:\/\/api.w.org\/{rel}","templated":true}]}}